{"id":683,"date":"2020-10-08T14:29:35","date_gmt":"2020-10-08T14:29:35","guid":{"rendered":"https:\/\/ybkpublishers.com\/bg_ybkpublishers.com\/?post_type=product&#038;p=683"},"modified":"2020-11-20T12:05:19","modified_gmt":"2020-11-20T12:05:19","slug":"wittgensteins-folly-by-francoise-davoine-translated-by-william-j-hurst","status":"publish","type":"product","link":"https:\/\/ybkpublishers.com\/?product=wittgensteins-folly-by-francoise-davoine-translated-by-william-j-hurst","title":{"rendered":"Wittgenstein&#8217;s Folly by Francoise Davoine; translated by William J. Hurst"},"content":{"rendered":"<p>298 pages<br \/>\n<b>ISBN<\/b>: 978-1-936411-16-0<br \/>\n<b>Price<\/b>: $49.50<\/p>\n<p>&nbsp;<\/p>\n<p><i>Wittgenstein&#8217;s Folly<\/i>\u00a0is a translation of Fran\u00e7oise Davoine&#8217;s\u00a0<i>La Folie Wittgenstein<\/i>.<\/p>\n<div class=\"grid_9\">\n<p>&#8220;Folly&#8221; has many meanings, referring to the &#8220;madness&#8221; of the fool, as well as to the madness of what we call the &#8220;mentally ill.&#8221; &#8220;Folly&#8221; is linked with the fools of medieval plays, with the fools of Renaissance satires, and with the folly that speaks as a woman in Erasmus&#8217;s\u00a0<i>Praise of Folly<\/i>. In this book by Francoise Davoine, &#8220;folly&#8221; often refers to the madness of those isolated by historical catastrophes that have not been processed across generations, and which can only be studied by exploring the fields of madness, by finding ways to hear Folly herself speaking. The title does not refer specifically to the madness or folly of Wittgenstein himself.\u00a0<i>Wittgenstein&#8217;s Folly<\/i>\u00a0is about psychoanalytic experience, and specifically about the madness or folly that comes to reside, in a way, in what Fran\u00e7oise Davoine refers to as a &#8220;psychotic transference.&#8221;<\/p>\n<p>Fran\u00e7oise Davoine is a psychoanalyst trained in the 1970s at Lacan&#8217;s \u00c9cole freudienne de Paris. With advanced degrees in the Classics and in French Literature, she obtained a doctorate in sociology at the \u00c9cole des hautes \u00e9tudes en sciences sociales (School for Advanced Studies in the Social Sciences), at the Centre d&#8217;\u00e9tude des mouvements sociaux (Center for the Study of Social Movements), led by Alain Touraine. She and her husband, Jean-Max Gaudilliere, have led a weekly seminar (Madness and the Social Link) at that Center for over thirty years.<\/p>\n<p>Fran\u00e7oise Davoine is convinced that psychosis is a field of research for both analyst and analysand, in which the events of History, or perhaps pieces of those events, which could not be processed by the individual or even by human beings as a group, can be identified, recognized, and finally put in a place where they can be fully experienced within a symbolic framework created by social links; i.e., with others, within a social world.<\/p>\n<\/div>\n<p>&nbsp;<\/p>\n<p>&nbsp;<\/p>\n<p>&nbsp;<\/p>\n","protected":false},"excerpt":{"rendered":"<p>298 pages ISBN: 978-1-936411-16-0 Price: $49.50 &nbsp; Wittgenstein&#8217;s Folly\u00a0is a translation of Fran\u00e7oise Davoine&#8217;s\u00a0La Folie Wittgenstein. &#8220;Folly&#8221; has many meanings, referring to the &#8220;madness&#8221; of the fool, as well as to the madness of what we call the &#8220;mentally ill.&#8221; &#8220;Folly&#8221; is linked with the fools of medieval plays, with the fools of Renaissance satires, &hellip;<\/p>\n<p class=\"read-more\"> <a class=\"\" href=\"https:\/\/ybkpublishers.com\/?product=wittgensteins-folly-by-francoise-davoine-translated-by-william-j-hurst\"> <span class=\"screen-reader-text\">Wittgenstein&#8217;s Folly by Francoise Davoine; translated by William J. Hurst<\/span> Read More &raquo;<\/a><\/p>\n","protected":false},"featured_media":614,"comment_status":"open","ping_status":"closed","template":"","meta":[],"_links":{"self":[{"href":"https:\/\/ybkpublishers.com\/index.php?rest_route=\/wp\/v2\/product\/683"}],"collection":[{"href":"https:\/\/ybkpublishers.com\/index.php?rest_route=\/wp\/v2\/product"}],"about":[{"href":"https:\/\/ybkpublishers.com\/index.php?rest_route=\/wp\/v2\/types\/product"}],"replies":[{"embeddable":true,"href":"https:\/\/ybkpublishers.com\/index.php?rest_route=%2Fwp%2Fv2%2Fcomments&post=683"}],"wp:featuredmedia":[{"embeddable":true,"href":"https:\/\/ybkpublishers.com\/index.php?rest_route=\/wp\/v2\/media\/614"}],"wp:attachment":[{"href":"https:\/\/ybkpublishers.com\/index.php?rest_route=%2Fwp%2Fv2%2Fmedia&parent=683"}],"curies":[{"name":"wp","href":"https:\/\/api.w.org\/{rel}","templated":true}]}}